{"id":61,"date":"2020-01-23T18:21:52","date_gmt":"2020-01-23T18:21:52","guid":{"rendered":"https:\/\/demosites.io\/web-agency-gb\/?page_id=61"},"modified":"2023-03-29T13:30:20","modified_gmt":"2023-03-29T13:30:20","slug":"15c42-web-agency-gb-about-us","status":"publish","type":"page","link":"https:\/\/durin.klesarstvo.hr\/?page_id=61","title":{"rendered":"O Nama"},"content":{"rendered":"\r\n<div class=\"wp-block-cover alignfull\" style=\"min-height: 300px;aspect-ratio:unset;\">\r\n<div class=\"wp-block-cover__inner-container is-layout-flow wp-block-cover-is-layout-flow\">\r\n<div class=\"wp-block-group\"><div class=\"wp-block-group__inner-container is-layout-flow wp-block-group-is-layout-flow\">\r\n<h1 class=\"has-text-align-left has-neve-text-color-color has-text-color wp-block-heading\">O nama<\/h1>\r\n<\/div><\/div>\r\n<\/div>\r\n<\/div>\r\n\r\n\r\n\r\n<div class=\"wp-block-cover alignfull\" style=\"min-height: 600px;aspect-ratio:unset;\">\r\n<div class=\"wp-block-cover__inner-container is-layout-flow wp-block-cover-is-layout-flow\">\r\n<div class=\"wp-block-group\"><div class=\"wp-block-group__inner-container is-layout-flow wp-block-group-is-layout-flow\">\r\n<div class=\"wp-block-spacer\" style=\"height: 80px;\" aria-hidden=\"true\">\u00a0<\/div>\r\n\r\n\r\n\r\n<div class=\"wp-block-columns are-vertically-aligned-center has-neve-text-color-color has-text-color is-layout-flex wp-container-core-columns-is-layout-9d6595d7 wp-block-columns-is-layout-flex\">\r\n<div class=\"wp-block-column is-vertically-aligned-center is-layout-flow wp-block-column-is-layout-flow\" style=\"flex-basis: 50%;\">\r\n<figure class=\"wp-block-image size-large\"><img loading=\"lazy\" decoding=\"async\" class=\"alignnone wp-image-371 size-full\" src=\"https:\/\/durin.klesarstvo.hr\/wp-content\/uploads\/2023\/03\/O1CN01BuSF2M20y2E2SYuRg_6000000006917-0-tbvideo.jpg\" alt=\"\" width=\"960\" height=\"448\" srcset=\"https:\/\/durin.klesarstvo.hr\/wp-content\/uploads\/2023\/03\/O1CN01BuSF2M20y2E2SYuRg_6000000006917-0-tbvideo.jpg 960w, https:\/\/durin.klesarstvo.hr\/wp-content\/uploads\/2023\/03\/O1CN01BuSF2M20y2E2SYuRg_6000000006917-0-tbvideo-300x140.jpg 300w, https:\/\/durin.klesarstvo.hr\/wp-content\/uploads\/2023\/03\/O1CN01BuSF2M20y2E2SYuRg_6000000006917-0-tbvideo-768x358.jpg 768w\" sizes=\"auto, (max-width: 960px) 100vw, 960px\" \/><\/figure>\r\n<\/div>\r\n<div class=\"wp-block-column is-vertically-aligned-center\" style=\"flex-basis: 50%;\">\r\n\r\n\r\n<p>&nbsp;<\/p>\r\n<p class=\"has-neve-text-color-color has-text-color\">Obrt je osnovao moj otac davnih sedamdesetih godina pri\u0161log stolje\u0107a nakon kra\u0107e izobrazbe kod poznatih klesara.<\/p>\r\n<p class=\"has-neve-text-color-color has-text-color\">Krenuo je od nule ali sa velikom voljom i entuziazmom uz veliku podr\u0161ku supruge i obitelji. Isticao se marljivim radom i precizno\u0161\u0107u te je ubrzo prepoznat u dru\u0161tvu kao kvalitetan i pouzdan majstor.<\/p>\r\n<p>I dan danas njegovi savjeti dobro do\u0111u. Svoju volju i marljivost prenio je na nas i tako ta tradicija i dalje \u017eivi.<\/p>\r\n<\/div>\r\n<\/div><\/div>\r\n\r\n<ul>\r\n<li class=\"has-neve-text-color-color has-text-color\">Bavimo se rezanjem, oblikovanjem i obradom svih vrsta kamena, granita i mramora<\/li>\r\n<li class=\"has-neve-text-color-color has-text-color\">U dogovoru s Vama izra\u0111ujemo sve vrste nadgrobnih spomenika kao i ure\u0111enje interijera i eksterijara prema Va\u0161im \u017eeljama<\/li>\r\n<li class=\"has-neve-text-color-color has-text-color\">Najbolja reklama nam je Va\u0161e zadovoljstvo i preporuka koja se uspje\u0161no godinama i prenosi<\/li>\r\n<li class=\"has-neve-text-color-color has-text-color\">Uz mlade snage i volju svaki Va\u0161 zahtjev obaviti \u0107emo u zadanom dogovorenom vremenu i kvaliteti na \u0161to smo posebno ponosni<\/li>\r\n<li class=\"has-neve-text-color-color has-text-color\">Slobodno nas kontaktirajte i obratite nam se s potpunim povjerenjem.<\/li>\r\n<\/ul>\r\n<\/div>\r\n<\/div>\r\n<\/div>","protected":false},"excerpt":{"rendered":"","protected":false},"author":1,"featured_media":0,"parent":0,"menu_order":0,"comment_status":"closed","ping_status":"closed","template":"","meta":{"neve_meta_sidebar":"","neve_meta_container":"","neve_meta_enable_content_width":"on","neve_meta_content_width":100,"neve_meta_title_alignment":"","neve_meta_author_avatar":"","neve_post_elements_order":"","neve_meta_disable_header":"","neve_meta_disable_footer":"","neve_meta_disable_title":"on","_themeisle_gutenberg_block_has_review":false,"_ti_tpc_template_sync":false,"_ti_tpc_template_id":"0qhau2t6eoekosrgo1a2","footnotes":""},"class_list":["post-61","page","type-page","status-publish","hentry"],"_links":{"self":[{"href":"https:\/\/durin.klesarstvo.hr\/index.php?rest_route=\/wp\/v2\/pages\/61","targetHints":{"allow":["GET"]}}],"collection":[{"href":"https:\/\/durin.klesarstvo.hr\/index.php?rest_route=\/wp\/v2\/pages"}],"about":[{"href":"https:\/\/durin.klesarstvo.hr\/index.php?rest_route=\/wp\/v2\/types\/page"}],"author":[{"embeddable":true,"href":"https:\/\/durin.klesarstvo.hr\/index.php?rest_route=\/wp\/v2\/users\/1"}],"replies":[{"embeddable":true,"href":"https:\/\/durin.klesarstvo.hr\/index.php?rest_route=%2Fwp%2Fv2%2Fcomments&post=61"}],"version-history":[{"count":17,"href":"https:\/\/durin.klesarstvo.hr\/index.php?rest_route=\/wp\/v2\/pages\/61\/revisions"}],"predecessor-version":[{"id":399,"href":"https:\/\/durin.klesarstvo.hr\/index.php?rest_route=\/wp\/v2\/pages\/61\/revisions\/399"}],"wp:attachment":[{"href":"https:\/\/durin.klesarstvo.hr\/index.php?rest_route=%2Fwp%2Fv2%2Fmedia&parent=61"}],"curies":[{"name":"wp","href":"https:\/\/api.w.org\/{rel}","templated":true}]}}